{"id":1829,"date":"2022-10-07T08:16:13","date_gmt":"2022-10-07T08:16:13","guid":{"rendered":"https:\/\/freedrink.delivery\/?page_id=1829"},"modified":"2022-10-24T11:26:08","modified_gmt":"2022-10-24T11:26:08","slug":"agb","status":"publish","type":"page","link":"https:\/\/freedrink.delivery\/index.php\/agb\/","title":{"rendered":"AGB"},"content":{"rendered":"\t\t<div data-elementor-type=\"wp-page\" data-elementor-id=\"1829\" class=\"elementor elementor-1829\" data-elementor-post-type=\"page\">\n\t\t\t\t\t\t<section class=\"elementor-section elementor-top-section elementor-element elementor-element-686ca06 elementor-section-boxed elementor-section-height-default elementor-section-height-default\" data-id=\"686ca06\" data-element_type=\"section\" data-e-type=\"section\">\n\t\t\t\t\t\t<div class=\"elementor-container elementor-column-gap-default\">\n\t\t\t\t\t<div class=\"elementor-column elementor-col-100 elementor-top-column elementor-element elementor-element-d7e9c17\" data-id=\"d7e9c17\" data-element_type=\"column\" data-e-type=\"column\">\n\t\t\t<div class=\"elementor-widget-wrap elementor-element-populated\">\n\t\t\t\t\t\t<div class=\"elementor-element elementor-element-f1d1fe5 elementor-widget elementor-widget-heading\" data-id=\"f1d1fe5\" data-element_type=\"widget\" data-e-type=\"widget\" data-widget_type=\"heading.default\">\n\t\t\t\t<div class=\"elementor-widget-container\">\n\t\t\t\t\t<h2 class=\"elementor-heading-title elementor-size-default\">ALLGEMEINE GESCH\u00c4FTSBEDINGUNGEN<\/h2>\t\t\t\t<\/div>\n\t\t\t\t<\/div>\n\t\t\t\t<div class=\"elementor-element elementor-element-90e2cc2 elementor-widget elementor-widget-text-editor\" data-id=\"90e2cc2\" data-element_type=\"widget\" data-e-type=\"widget\" data-widget_type=\"text-editor.default\">\n\t\t\t\t<div class=\"elementor-widget-container\">\n\t\t\t\t\t\t\t\t\t<h2><span style=\"color: #000000;\">Inhaltsverzeichnis<\/span><\/h2><ol><li style=\"list-style-type: none;\"><ol><li><span style=\"color: #000000;\">Geltungsbereich<\/span><\/li><li><span style=\"color: #000000;\">Vertragsschluss<\/span><\/li><li><span style=\"color: #000000;\">Preise und Zahlungsbedingungen<\/span><\/li><li><span style=\"color: #000000;\">M\u00e4ngelhaftung (Gew\u00e4hrleistung)<\/span><\/li><li><span style=\"color: #000000;\">Anwendbares Recht<\/span><\/li><li><span style=\"color: #000000;\">Alternative Streitbeilegung<\/span><\/li><\/ol><\/li><\/ol><p><span style=\"color: #000000;\">1) Geltungsbereich<\/span><\/p><p><span style=\"color: #000000;\"><strong>1.1<\/strong>\u00a0Diese Allgemeinen Gesch\u00e4ftsbedingungen (nachfolgend &#8222;AGB&#8220;) der Freedrink.Delivery (nachfolgend &#8222;Anbieter&#8220;), gelten f\u00fcr die Nutzung dieser Webseite Hiermit wird der Einbeziehung von eigenen Bedingungen des Kunden widersprochen, es sei denn, es ist etwas anderes vereinbart.<\/span><\/p><p><span style=\"color: #000000;\"><strong>1.2<\/strong>\u00a0Verbraucher im Sinne dieser AGB ist jede nat\u00fcrliche Person, die ein Rechtsgesch\u00e4ft zu Zwecken abschlie\u00dft, die \u00fcberwiegend weder ihrer gewerblichen noch ihrer selbst\u00e4ndigen beruflichen T\u00e4tigkeit zugerechnet werden k\u00f6nnen.<\/span><\/p><p><span style=\"color: #000000;\"><strong>1.3<\/strong>\u00a0Unternehmer im Sinne dieser AGB ist eine nat\u00fcrliche oder juristische Person oder eine rechtsf\u00e4hige Personengesellschaft, die bei Abschluss eines Rechtsgesch\u00e4fts in Aus\u00fcbung ihrer gewerblichen oder selbst\u00e4ndigen beruflichen T\u00e4tigkeit handelt.<\/span><\/p><p><span style=\"color: #000000;\">2) Vertragsschluss<\/span><\/p><p><span style=\"color: #000000;\"><strong>2.1<\/strong>\u00a0Die auf der Webseite des \u00a0Anbieters angebotenen kostenfreien Sticker, k\u00f6nnen entweder per Klick auf den Button &#8222;Download Sticker&#8220; heruntergeladen werden oder per Kontaktformular postalisch bestellt werden.<\/span><\/p><p><span style=\"color: #000000;\"><strong>2.2<\/strong>\u00a0Ein Anspruch auf Lieferung oder Bereitstellung der Sticker besteht nicht.<\/span><\/p><p><span style=\"color: #000000;\">3) Preise und Zahlungsbedingungen<\/span><\/p><p><span style=\"color: #000000;\">Die Sticker sind kostenfrei.<\/span><\/p><p><span style=\"color: #000000;\">4) M\u00e4ngelhaftung (Gew\u00e4hrleistung)<\/span><\/p><p><span style=\"color: #000000;\">Soweit sich aus den nachfolgenden Regelungen nichts anderes ergibt, gelten die Vorschriften der gesetzlichen M\u00e4ngelhaftung.<\/span><\/p><p><span style=\"color: #000000;\">5) Anwendbares Recht<\/span><\/p><p><span style=\"color: #000000;\">F\u00fcr s\u00e4mtliche Rechtsbeziehungen der Parteien gilt das Recht der Bundesrepublik Deutschland unter Ausschluss der Gesetze \u00fcber den internationalen Kauf beweglicher Waren. Bei Verbrauchern gilt diese Rechtswahl nur insoweit, als nicht der gew\u00e4hrte Schutz durch zwingende Bestimmungen des Rechts des Staates, in dem der Verbraucher seinen gew\u00f6hnlichen Aufenthalt hat, entzogen wird.<\/span><\/p><p><span style=\"color: #000000;\">6) Alternative Streitbeilegung<\/span><\/p><p><span style=\"color: #000000;\"><strong>6.1<\/strong>\u00a0Die EU-Kommission stellt im Internet unter folgendem Link eine Plattform zur Online-Streitbeilegung bereit:\u00a0<strong><a style=\"color: #000000;\" href=\"https:\/\/ec.europa.eu\/consumers\/odr\">https:\/\/ec.europa.eu\/consumers\/odr<\/a><\/strong><\/span><\/p><p><span style=\"color: #000000;\">Diese Plattform dient als Anlaufstelle zur au\u00dfergerichtlichen Beilegung von Streitigkeiten aus Online-Kauf- oder Dienstleistungsvertr\u00e4gen, an denen ein Verbraucher beteiligt ist.<\/span><\/p><p><span style=\"color: #000000;\"><strong>6.2<\/strong>\u00a0Der Verk\u00e4ufer ist zur Teilnahme an einem Streitbeilegungsverfahren vor einer Verbraucherschlichtungsstelle weder verpflichtet noch bereit.<\/span><\/p>\t\t\t\t\t\t\t\t<\/div>\n\t\t\t\t<\/div>\n\t\t\t\t\t<\/div>\n\t\t<\/div>\n\t\t\t\t\t<\/div>\n\t\t<\/section>\n\t\t\t\t<\/div>\n\t\t","protected":false},"excerpt":{"rendered":"<p>ALLGEMEINE GESCH\u00c4FTSBEDINGUNGEN Inhaltsverzeichnis Geltungsbereich Vertragsschluss Preise und Zahlungsbedingungen M\u00e4ngelhaftung (Gew\u00e4hrleistung) Anwendbares Recht Alternative Streitbeilegung 1) Geltungsbereich 1.1\u00a0Diese Allgemeinen Gesch\u00e4ftsbedingungen (nachfolgend &#8222;AGB&#8220;) der Freedrink.Delivery (nachfolgend &#8222;Anbieter&#8220;), gelten f\u00fcr die Nutzung dieser Webseite Hiermit wird der Einbeziehung von eigenen Bedingungen des Kunden widersprochen, es sei denn, es ist etwas anderes vereinbart. 1.2\u00a0Verbraucher im Sinne dieser AGB ist [&hellip;]<\/p>\n","protected":false},"author":2,"featured_media":0,"parent":0,"menu_order":0,"comment_status":"closed","ping_status":"closed","template":"elementor_header_footer","meta":{"footnotes":""},"class_list":["post-1829","page","type-page","status-publish","hentry"],"yoast_head":"<!-- This site is optimized with the Yoast SEO plugin v27.5 - https:\/\/yoast.com\/product\/yoast-seo-wordpress\/ -->\n<title>AGB - freedrink.delivery<\/title>\n<meta name=\"robots\" content=\"index, follow, max-snippet:-1, max-image-preview:large, max-video-preview:-1\" \/>\n<link rel=\"canonical\" href=\"https:\/\/freedrink.delivery\/index.php\/agb\/\" \/>\n<meta property=\"og:locale\" content=\"de_DE\" \/>\n<meta property=\"og:type\" content=\"article\" \/>\n<meta property=\"og:title\" content=\"AGB - freedrink.delivery\" \/>\n<meta property=\"og:description\" content=\"ALLGEMEINE GESCH\u00c4FTSBEDINGUNGEN Inhaltsverzeichnis Geltungsbereich Vertragsschluss Preise und Zahlungsbedingungen M\u00e4ngelhaftung (Gew\u00e4hrleistung) Anwendbares Recht Alternative Streitbeilegung 1) Geltungsbereich 1.1\u00a0Diese Allgemeinen Gesch\u00e4ftsbedingungen (nachfolgend &#8222;AGB&#8220;) der Freedrink.Delivery (nachfolgend &#8222;Anbieter&#8220;), gelten f\u00fcr die Nutzung dieser Webseite Hiermit wird der Einbeziehung von eigenen Bedingungen des Kunden widersprochen, es sei denn, es ist etwas anderes vereinbart. 1.2\u00a0Verbraucher im Sinne dieser AGB ist [&hellip;]\" \/>\n<meta property=\"og:url\" content=\"https:\/\/freedrink.delivery\/index.php\/agb\/\" \/>\n<meta property=\"og:site_name\" content=\"freedrink.delivery\" \/>\n<meta property=\"article:modified_time\" content=\"2022-10-24T11:26:08+00:00\" \/>\n<meta name=\"twitter:card\" content=\"summary_large_image\" \/>\n<meta name=\"twitter:label1\" content=\"Gesch\u00e4tzte Lesezeit\" \/>\n\t<meta name=\"twitter:data1\" content=\"2\u00a0Minuten\" \/>\n<script type=\"application\/ld+json\" class=\"yoast-schema-graph\">{\"@context\":\"https:\\\/\\\/schema.org\",\"@graph\":[{\"@type\":\"WebPage\",\"@id\":\"https:\\\/\\\/freedrink.delivery\\\/index.php\\\/agb\\\/\",\"url\":\"https:\\\/\\\/freedrink.delivery\\\/index.php\\\/agb\\\/\",\"name\":\"AGB - freedrink.delivery\",\"isPartOf\":{\"@id\":\"https:\\\/\\\/freedrink.delivery\\\/#website\"},\"datePublished\":\"2022-10-07T08:16:13+00:00\",\"dateModified\":\"2022-10-24T11:26:08+00:00\",\"breadcrumb\":{\"@id\":\"https:\\\/\\\/freedrink.delivery\\\/index.php\\\/agb\\\/#breadcrumb\"},\"inLanguage\":\"de\",\"potentialAction\":[{\"@type\":\"ReadAction\",\"target\":[\"https:\\\/\\\/freedrink.delivery\\\/index.php\\\/agb\\\/\"]}]},{\"@type\":\"BreadcrumbList\",\"@id\":\"https:\\\/\\\/freedrink.delivery\\\/index.php\\\/agb\\\/#breadcrumb\",\"itemListElement\":[{\"@type\":\"ListItem\",\"position\":1,\"name\":\"Home\",\"item\":\"https:\\\/\\\/freedrink.delivery\\\/\"},{\"@type\":\"ListItem\",\"position\":2,\"name\":\"AGB\"}]},{\"@type\":\"WebSite\",\"@id\":\"https:\\\/\\\/freedrink.delivery\\\/#website\",\"url\":\"https:\\\/\\\/freedrink.delivery\\\/\",\"name\":\"freedrink.delivery\",\"description\":\"Jetzt Sticker holen und teilnehmen\",\"publisher\":{\"@id\":\"https:\\\/\\\/freedrink.delivery\\\/#organization\"},\"potentialAction\":[{\"@type\":\"SearchAction\",\"target\":{\"@type\":\"EntryPoint\",\"urlTemplate\":\"https:\\\/\\\/freedrink.delivery\\\/?s={search_term_string}\"},\"query-input\":{\"@type\":\"PropertyValueSpecification\",\"valueRequired\":true,\"valueName\":\"search_term_string\"}}],\"inLanguage\":\"de\"},{\"@type\":\"Organization\",\"@id\":\"https:\\\/\\\/freedrink.delivery\\\/#organization\",\"name\":\"freedrink.delivery\",\"url\":\"https:\\\/\\\/freedrink.delivery\\\/\",\"logo\":{\"@type\":\"ImageObject\",\"inLanguage\":\"de\",\"@id\":\"https:\\\/\\\/freedrink.delivery\\\/#\\\/schema\\\/logo\\\/image\\\/\",\"url\":\"https:\\\/\\\/freedrink.delivery\\\/wp-content\\\/uploads\\\/2021\\\/09\\\/cropped-freedrink-logo-website.png\",\"contentUrl\":\"https:\\\/\\\/freedrink.delivery\\\/wp-content\\\/uploads\\\/2021\\\/09\\\/cropped-freedrink-logo-website.png\",\"width\":239,\"height\":250,\"caption\":\"freedrink.delivery\"},\"image\":{\"@id\":\"https:\\\/\\\/freedrink.delivery\\\/#\\\/schema\\\/logo\\\/image\\\/\"}}]}<\/script>\n<!-- \/ Yoast SEO plugin. -->","yoast_head_json":{"title":"AGB - freedrink.delivery","robots":{"index":"index","follow":"follow","max-snippet":"max-snippet:-1","max-image-preview":"max-image-preview:large","max-video-preview":"max-video-preview:-1"},"canonical":"https:\/\/freedrink.delivery\/index.php\/agb\/","og_locale":"de_DE","og_type":"article","og_title":"AGB - freedrink.delivery","og_description":"ALLGEMEINE GESCH\u00c4FTSBEDINGUNGEN Inhaltsverzeichnis Geltungsbereich Vertragsschluss Preise und Zahlungsbedingungen M\u00e4ngelhaftung (Gew\u00e4hrleistung) Anwendbares Recht Alternative Streitbeilegung 1) Geltungsbereich 1.1\u00a0Diese Allgemeinen Gesch\u00e4ftsbedingungen (nachfolgend &#8222;AGB&#8220;) der Freedrink.Delivery (nachfolgend &#8222;Anbieter&#8220;), gelten f\u00fcr die Nutzung dieser Webseite Hiermit wird der Einbeziehung von eigenen Bedingungen des Kunden widersprochen, es sei denn, es ist etwas anderes vereinbart. 1.2\u00a0Verbraucher im Sinne dieser AGB ist [&hellip;]","og_url":"https:\/\/freedrink.delivery\/index.php\/agb\/","og_site_name":"freedrink.delivery","article_modified_time":"2022-10-24T11:26:08+00:00","twitter_card":"summary_large_image","twitter_misc":{"Gesch\u00e4tzte Lesezeit":"2\u00a0Minuten"},"schema":{"@context":"https:\/\/schema.org","@graph":[{"@type":"WebPage","@id":"https:\/\/freedrink.delivery\/index.php\/agb\/","url":"https:\/\/freedrink.delivery\/index.php\/agb\/","name":"AGB - freedrink.delivery","isPartOf":{"@id":"https:\/\/freedrink.delivery\/#website"},"datePublished":"2022-10-07T08:16:13+00:00","dateModified":"2022-10-24T11:26:08+00:00","breadcrumb":{"@id":"https:\/\/freedrink.delivery\/index.php\/agb\/#breadcrumb"},"inLanguage":"de","potentialAction":[{"@type":"ReadAction","target":["https:\/\/freedrink.delivery\/index.php\/agb\/"]}]},{"@type":"BreadcrumbList","@id":"https:\/\/freedrink.delivery\/index.php\/agb\/#breadcrumb","itemListElement":[{"@type":"ListItem","position":1,"name":"Home","item":"https:\/\/freedrink.delivery\/"},{"@type":"ListItem","position":2,"name":"AGB"}]},{"@type":"WebSite","@id":"https:\/\/freedrink.delivery\/#website","url":"https:\/\/freedrink.delivery\/","name":"freedrink.delivery","description":"Jetzt Sticker holen und teilnehmen","publisher":{"@id":"https:\/\/freedrink.delivery\/#organization"},"potentialAction":[{"@type":"SearchAction","target":{"@type":"EntryPoint","urlTemplate":"https:\/\/freedrink.delivery\/?s={search_term_string}"},"query-input":{"@type":"PropertyValueSpecification","valueRequired":true,"valueName":"search_term_string"}}],"inLanguage":"de"},{"@type":"Organization","@id":"https:\/\/freedrink.delivery\/#organization","name":"freedrink.delivery","url":"https:\/\/freedrink.delivery\/","logo":{"@type":"ImageObject","inLanguage":"de","@id":"https:\/\/freedrink.delivery\/#\/schema\/logo\/image\/","url":"https:\/\/freedrink.delivery\/wp-content\/uploads\/2021\/09\/cropped-freedrink-logo-website.png","contentUrl":"https:\/\/freedrink.delivery\/wp-content\/uploads\/2021\/09\/cropped-freedrink-logo-website.png","width":239,"height":250,"caption":"freedrink.delivery"},"image":{"@id":"https:\/\/freedrink.delivery\/#\/schema\/logo\/image\/"}}]}},"_links":{"self":[{"href":"https:\/\/freedrink.delivery\/index.php\/wp-json\/wp\/v2\/pages\/1829","targetHints":{"allow":["GET"]}}],"collection":[{"href":"https:\/\/freedrink.delivery\/index.php\/wp-json\/wp\/v2\/pages"}],"about":[{"href":"https:\/\/freedrink.delivery\/index.php\/wp-json\/wp\/v2\/types\/page"}],"author":[{"embeddable":true,"href":"https:\/\/freedrink.delivery\/index.php\/wp-json\/wp\/v2\/users\/2"}],"replies":[{"embeddable":true,"href":"https:\/\/freedrink.delivery\/index.php\/wp-json\/wp\/v2\/comments?post=1829"}],"version-history":[{"count":11,"href":"https:\/\/freedrink.delivery\/index.php\/wp-json\/wp\/v2\/pages\/1829\/revisions"}],"predecessor-version":[{"id":1885,"href":"https:\/\/freedrink.delivery\/index.php\/wp-json\/wp\/v2\/pages\/1829\/revisions\/1885"}],"wp:attachment":[{"href":"https:\/\/freedrink.delivery\/index.php\/wp-json\/wp\/v2\/media?parent=1829"}],"curies":[{"name":"wp","href":"https:\/\/api.w.org\/{rel}","templated":true}]}}