{"id":1706,"date":"2022-09-13T11:33:23","date_gmt":"2022-09-13T11:33:23","guid":{"rendered":"https:\/\/freedrink.delivery\/?page_id=1706"},"modified":"2022-11-17T07:13:06","modified_gmt":"2022-11-17T07:13:06","slug":"bestellformular","status":"publish","type":"page","link":"https:\/\/freedrink.delivery\/index.php\/bestellformular\/","title":{"rendered":"Bestellformular"},"content":{"rendered":"\t\t<div data-elementor-type=\"wp-page\" data-elementor-id=\"1706\" class=\"elementor elementor-1706\" data-elementor-post-type=\"page\">\n\t\t\t\t\t\t<section class=\"elementor-section elementor-top-section elementor-element elementor-element-ac683d4 elementor-section-boxed elementor-section-height-default elementor-section-height-default\" data-id=\"ac683d4\" data-element_type=\"section\" data-e-type=\"section\" data-settings=\"{&quot;background_background&quot;:&quot;classic&quot;}\">\n\t\t\t\t\t\t\t<div class=\"elementor-background-overlay\"><\/div>\n\t\t\t\t\t\t\t<div class=\"elementor-container elementor-column-gap-default\">\n\t\t\t\t\t<div class=\"elementor-column elementor-col-100 elementor-top-column elementor-element elementor-element-46cb173\" data-id=\"46cb173\" data-element_type=\"column\" data-e-type=\"column\">\n\t\t\t<div class=\"elementor-widget-wrap elementor-element-populated\">\n\t\t\t\t\t\t<div class=\"elementor-element elementor-element-f720492 elementor-widget elementor-widget-heading\" data-id=\"f720492\" data-element_type=\"widget\" data-e-type=\"widget\" data-widget_type=\"heading.default\">\n\t\t\t\t<div class=\"elementor-widget-container\">\n\t\t\t\t\t<h2 class=\"elementor-heading-title elementor-size-default\">Sticker bestellen<\/h2>\t\t\t\t<\/div>\n\t\t\t\t<\/div>\n\t\t\t\t<div class=\"elementor-element elementor-element-a05a14e elementor-widget elementor-widget-text-editor\" data-id=\"a05a14e\" data-element_type=\"widget\" data-e-type=\"widget\" data-widget_type=\"text-editor.default\">\n\t\t\t\t<div class=\"elementor-widget-container\">\n\t\t\t\t\t\t\t\t\t<p><strong>Freedrink.delivery<\/strong> meistert diese H\u00fcrde mit einem <strong>verst\u00e4ndlichen Symbol<\/strong> welches die Zusteller aufmerksam macht, das kostenlose Angebot von <strong>Unternehmen<\/strong> oder auch <strong>Privatpersonen<\/strong> dankend anzunehmen. Gemeinsam m\u00f6chten wir jedem Auslieferer die Chance auf eine Erfrischung bieten. Sodass sie tagt\u00e4glich die M\u00f6glichkeit haben, f\u00fcr einen Moment dem stressigen Arbeitsalltag entfliehen zu k\u00f6nnen und sich nach einem kurzen Smalltalk wertgesch\u00e4tzter f\u00fchlen. Denn was w\u00e4ren wir heutzutage ohne unsere flei\u00dfigen Alltagshelfer?<\/p>\t\t\t\t\t\t\t\t<\/div>\n\t\t\t\t<\/div>\n\t\t\t\t<div class=\"elementor-element elementor-element-bd1c3bd elementor-widget elementor-widget-text-editor\" data-id=\"bd1c3bd\" data-element_type=\"widget\" data-e-type=\"widget\" data-widget_type=\"text-editor.default\">\n\t\t\t\t<div class=\"elementor-widget-container\">\n\t\t\t\t\t\t\t\t\t<p><b>Bestelle jetzt deinen Aufkleber per Post oder lade dir die Vorlag <span style=\"text-decoration: underline;\"><a href=\"https:\/\/freedrink.delivery\/#sticker\">HIER<\/a><\/span> herunter.<\/b><\/p>\t\t\t\t\t\t\t\t<\/div>\n\t\t\t\t<\/div>\n\t\t\t\t<div class=\"elementor-element elementor-element-a7a9d5f elementor-button-align-stretch elementor-widget elementor-widget-form\" data-id=\"a7a9d5f\" data-element_type=\"widget\" data-e-type=\"widget\" data-settings=\"{&quot;step_next_label&quot;:&quot;N\\u00e4chster&quot;,&quot;step_previous_label&quot;:&quot;Voriger&quot;,&quot;button_width&quot;:&quot;100&quot;,&quot;step_type&quot;:&quot;number_text&quot;,&quot;step_icon_shape&quot;:&quot;circle&quot;}\" data-widget_type=\"form.default\">\n\t\t\t\t<div class=\"elementor-widget-container\">\n\t\t\t\t\t\t\t<form class=\"elementor-form\" method=\"post\" name=\"Neues Formular\" aria-label=\"Neues Formular\">\n\t\t\t<input type=\"hidden\" name=\"post_id\" value=\"1706\"\/>\n\t\t\t<input type=\"hidden\" name=\"form_id\" value=\"a7a9d5f\"\/>\n\t\t\t<input type=\"hidden\" name=\"referer_title\" value=\"Bestellformular - freedrink.delivery\" \/>\n\n\t\t\t\t\t\t\t<input type=\"hidden\" name=\"queried_id\" value=\"1706\"\/>\n\t\t\t\n\t\t\t<div class=\"elementor-form-fields-wrapper elementor-labels-above\">\n\t\t\t\t\t\t\t\t<div class=\"elementor-field-type-text elementor-field-group elementor-column elementor-field-group-name elementor-col-100 elementor-field-required elementor-mark-required\">\n\t\t\t\t\t\t\t\t\t\t\t\t<label for=\"form-field-name\" class=\"elementor-field-label\">\n\t\t\t\t\t\t\t\tName\t\t\t\t\t\t\t<\/label>\n\t\t\t\t\t\t\t\t\t\t\t\t\t\t<input size=\"1\" type=\"text\" name=\"form_fields[name]\" id=\"form-field-name\" class=\"elementor-field elementor-size-lg  elementor-field-textual\" placeholder=\"Name\" required=\"required\">\n\t\t\t\t\t\t\t\t\t\t\t<\/div>\n\t\t\t\t\t\t\t\t<div class=\"elementor-field-type-email elementor-field-group elementor-column elementor-field-group-email elementor-col-100 elementor-field-required elementor-mark-required\">\n\t\t\t\t\t\t\t\t\t\t\t\t<label for=\"form-field-email\" class=\"elementor-field-label\">\n\t\t\t\t\t\t\t\tE-Mail\t\t\t\t\t\t\t<\/label>\n\t\t\t\t\t\t\t\t\t\t\t\t\t\t<input size=\"1\" type=\"email\" name=\"form_fields[email]\" id=\"form-field-email\" class=\"elementor-field elementor-size-lg  elementor-field-textual\" placeholder=\"E-Mail\" required=\"required\">\n\t\t\t\t\t\t\t\t\t\t\t<\/div>\n\t\t\t\t\t\t\t\t<div class=\"elementor-field-type-text elementor-field-group elementor-column elementor-field-group-field_9382375 elementor-col-70\">\n\t\t\t\t\t\t\t\t\t\t\t\t<label for=\"form-field-field_9382375\" class=\"elementor-field-label\">\n\t\t\t\t\t\t\t\tStrasse\t\t\t\t\t\t\t<\/label>\n\t\t\t\t\t\t\t\t\t\t\t\t\t\t<input size=\"1\" type=\"text\" name=\"form_fields[field_9382375]\" id=\"form-field-field_9382375\" class=\"elementor-field elementor-size-lg  elementor-field-textual\" placeholder=\"Strasse\">\n\t\t\t\t\t\t\t\t\t\t\t<\/div>\n\t\t\t\t\t\t\t\t<div class=\"elementor-field-type-text elementor-field-group elementor-column elementor-field-group-field_14b59dd elementor-col-30 elementor-field-required elementor-mark-required\">\n\t\t\t\t\t\t\t\t\t\t\t\t<label for=\"form-field-field_14b59dd\" class=\"elementor-field-label\">\n\t\t\t\t\t\t\t\tHausnummer\t\t\t\t\t\t\t<\/label>\n\t\t\t\t\t\t\t\t\t\t\t\t\t\t<input size=\"1\" type=\"text\" name=\"form_fields[field_14b59dd]\" id=\"form-field-field_14b59dd\" class=\"elementor-field elementor-size-lg  elementor-field-textual\" placeholder=\"Hausnummer\" required=\"required\">\n\t\t\t\t\t\t\t\t\t\t\t<\/div>\n\t\t\t\t\t\t\t\t<div class=\"elementor-field-type-text elementor-field-group elementor-column elementor-field-group-field_be4fa27 elementor-col-30 elementor-field-required elementor-mark-required\">\n\t\t\t\t\t\t\t\t\t\t\t\t<label for=\"form-field-field_be4fa27\" class=\"elementor-field-label\">\n\t\t\t\t\t\t\t\tPLZ\t\t\t\t\t\t\t<\/label>\n\t\t\t\t\t\t\t\t\t\t\t\t\t\t<input size=\"1\" type=\"text\" name=\"form_fields[field_be4fa27]\" id=\"form-field-field_be4fa27\" class=\"elementor-field elementor-size-lg  elementor-field-textual\" placeholder=\"PLZ\" required=\"required\">\n\t\t\t\t\t\t\t\t\t\t\t<\/div>\n\t\t\t\t\t\t\t\t<div class=\"elementor-field-type-text elementor-field-group elementor-column elementor-field-group-field_ddb456e elementor-col-70 elementor-field-required elementor-mark-required\">\n\t\t\t\t\t\t\t\t\t\t\t\t<label for=\"form-field-field_ddb456e\" class=\"elementor-field-label\">\n\t\t\t\t\t\t\t\tOrt\t\t\t\t\t\t\t<\/label>\n\t\t\t\t\t\t\t\t\t\t\t\t\t\t<input size=\"1\" type=\"text\" name=\"form_fields[field_ddb456e]\" id=\"form-field-field_ddb456e\" class=\"elementor-field elementor-size-lg  elementor-field-textual\" placeholder=\"Ort\" required=\"required\">\n\t\t\t\t\t\t\t\t\t\t\t<\/div>\n\t\t\t\t\t\t\t\t<div class=\"elementor-field-type-textarea elementor-field-group elementor-column elementor-field-group-message elementor-col-100\">\n\t\t\t\t\t\t\t\t\t\t\t\t<label for=\"form-field-message\" class=\"elementor-field-label\">\n\t\t\t\t\t\t\t\tHinweis\t\t\t\t\t\t\t<\/label>\n\t\t\t\t\t\t<textarea class=\"elementor-field-textual elementor-field  elementor-size-lg\" name=\"form_fields[message]\" id=\"form-field-message\" rows=\"4\" placeholder=\"Hinweis\"><\/textarea>\t\t\t\t<\/div>\n\t\t\t\t\t\t\t\t<div class=\"elementor-field-type-acceptance elementor-field-group elementor-column elementor-field-group-field_c3e6ed4 elementor-col-100 elementor-field-required elementor-mark-required\">\n\t\t\t\t\t\t\t\t\t\t\t\t<label for=\"form-field-field_c3e6ed4\" class=\"elementor-field-label\">\n\t\t\t\t\t\t\t\tWunsch\t\t\t\t\t\t\t<\/label>\n\t\t\t\t\t\t\t\t<div class=\"elementor-field-subgroup\">\n\t\t\t<span class=\"elementor-field-option\">\n\t\t\t\t<input type=\"checkbox\" name=\"form_fields[field_c3e6ed4]\" id=\"form-field-field_c3e6ed4\" class=\"elementor-field elementor-size-lg  elementor-acceptance-field\" required=\"required\">\n\t\t\t\t<label for=\"form-field-field_c3e6ed4\">Hiermit best\u00e4tige ich, das ich gerne einen Freedrink.delivery Aufkleber erhalten m\u00f6chte<\/label>\t\t\t<\/span>\n\t\t<\/div>\n\t\t\t\t\t\t<\/div>\n\t\t\t\t\t\t\t\t<div class=\"elementor-field-type-recaptcha elementor-field-group elementor-column elementor-field-group-field_4ebe0f9 elementor-col-100\">\n\t\t\t\t\t<div class=\"elementor-field\" id=\"form-field-field_4ebe0f9\"><div class=\"elementor-g-recaptcha\" data-sitekey=\"6LcWZ_khAAAAANKpfA5crKRbL3rqwVSAtqW2DyWl\" data-type=\"v2_checkbox\" data-theme=\"light\" data-size=\"normal\"><\/div><\/div>\t\t\t\t<\/div>\n\t\t\t\t\t\t\t\t<div class=\"elementor-field-group elementor-column elementor-field-type-submit elementor-col-100 e-form__buttons\">\n\t\t\t\t\t<button class=\"elementor-button elementor-size-sm\" type=\"submit\">\n\t\t\t\t\t\t<span class=\"elementor-button-content-wrapper\">\n\t\t\t\t\t\t\t\t\t\t\t\t\t\t\t\t\t\t\t\t\t\t<span class=\"elementor-button-text\">Bitte sendet mir falls m\u00f6glich einen kostenlosen Sticker per Post an meine Adresse<\/span>\n\t\t\t\t\t\t\t\t\t\t\t\t\t<\/span>\n\t\t\t\t\t<\/button>\n\t\t\t\t<\/div>\n\t\t\t<\/div>\n\t\t<\/form>\n\t\t\t\t\t\t<\/div>\n\t\t\t\t<\/div>\n\t\t\t\t\t<\/div>\n\t\t<\/div>\n\t\t\t\t\t<\/div>\n\t\t<\/section>\n\t\t\t\t<\/div>\n\t\t","protected":false},"excerpt":{"rendered":"<p>Sticker bestellen Freedrink.delivery meistert diese H\u00fcrde mit einem verst\u00e4ndlichen Symbol welches die Zusteller aufmerksam macht, das kostenlose Angebot von Unternehmen oder auch Privatpersonen dankend anzunehmen. Gemeinsam m\u00f6chten wir jedem Auslieferer die Chance auf eine Erfrischung bieten. Sodass sie tagt\u00e4glich die M\u00f6glichkeit haben, f\u00fcr einen Moment dem stressigen Arbeitsalltag entfliehen zu k\u00f6nnen und sich nach einem [&hellip;]<\/p>\n","protected":false},"author":2,"featured_media":0,"parent":0,"menu_order":0,"comment_status":"closed","ping_status":"closed","template":"elementor_header_footer","meta":{"footnotes":""},"class_list":["post-1706","page","type-page","status-publish","hentry"],"yoast_head":"<!-- This site is optimized with the Yoast SEO plugin v27.5 - https:\/\/yoast.com\/product\/yoast-seo-wordpress\/ -->\n<title>Bestellformular - freedrink.delivery<\/title>\n<meta name=\"robots\" content=\"index, follow, max-snippet:-1, max-image-preview:large, max-video-preview:-1\" \/>\n<link rel=\"canonical\" href=\"https:\/\/freedrink.delivery\/index.php\/bestellformular\/\" \/>\n<meta property=\"og:locale\" content=\"de_DE\" \/>\n<meta property=\"og:type\" content=\"article\" \/>\n<meta property=\"og:title\" content=\"Bestellformular - freedrink.delivery\" \/>\n<meta property=\"og:description\" content=\"Sticker bestellen Freedrink.delivery meistert diese H\u00fcrde mit einem verst\u00e4ndlichen Symbol welches die Zusteller aufmerksam macht, das kostenlose Angebot von Unternehmen oder auch Privatpersonen dankend anzunehmen. Gemeinsam m\u00f6chten wir jedem Auslieferer die Chance auf eine Erfrischung bieten. Sodass sie tagt\u00e4glich die M\u00f6glichkeit haben, f\u00fcr einen Moment dem stressigen Arbeitsalltag entfliehen zu k\u00f6nnen und sich nach einem [&hellip;]\" \/>\n<meta property=\"og:url\" content=\"https:\/\/freedrink.delivery\/index.php\/bestellformular\/\" \/>\n<meta property=\"og:site_name\" content=\"freedrink.delivery\" \/>\n<meta property=\"article:modified_time\" content=\"2022-11-17T07:13:06+00:00\" \/>\n<meta name=\"twitter:card\" content=\"summary_large_image\" \/>\n<meta name=\"twitter:label1\" content=\"Gesch\u00e4tzte Lesezeit\" \/>\n\t<meta name=\"twitter:data1\" content=\"1\u00a0Minute\" \/>\n<script type=\"application\/ld+json\" class=\"yoast-schema-graph\">{\"@context\":\"https:\\\/\\\/schema.org\",\"@graph\":[{\"@type\":\"WebPage\",\"@id\":\"https:\\\/\\\/freedrink.delivery\\\/index.php\\\/bestellformular\\\/\",\"url\":\"https:\\\/\\\/freedrink.delivery\\\/index.php\\\/bestellformular\\\/\",\"name\":\"Bestellformular - freedrink.delivery\",\"isPartOf\":{\"@id\":\"https:\\\/\\\/freedrink.delivery\\\/#website\"},\"datePublished\":\"2022-09-13T11:33:23+00:00\",\"dateModified\":\"2022-11-17T07:13:06+00:00\",\"breadcrumb\":{\"@id\":\"https:\\\/\\\/freedrink.delivery\\\/index.php\\\/bestellformular\\\/#breadcrumb\"},\"inLanguage\":\"de\",\"potentialAction\":[{\"@type\":\"ReadAction\",\"target\":[\"https:\\\/\\\/freedrink.delivery\\\/index.php\\\/bestellformular\\\/\"]}]},{\"@type\":\"BreadcrumbList\",\"@id\":\"https:\\\/\\\/freedrink.delivery\\\/index.php\\\/bestellformular\\\/#breadcrumb\",\"itemListElement\":[{\"@type\":\"ListItem\",\"position\":1,\"name\":\"Home\",\"item\":\"https:\\\/\\\/freedrink.delivery\\\/\"},{\"@type\":\"ListItem\",\"position\":2,\"name\":\"Bestellformular\"}]},{\"@type\":\"WebSite\",\"@id\":\"https:\\\/\\\/freedrink.delivery\\\/#website\",\"url\":\"https:\\\/\\\/freedrink.delivery\\\/\",\"name\":\"freedrink.delivery\",\"description\":\"Jetzt Sticker holen und teilnehmen\",\"publisher\":{\"@id\":\"https:\\\/\\\/freedrink.delivery\\\/#organization\"},\"potentialAction\":[{\"@type\":\"SearchAction\",\"target\":{\"@type\":\"EntryPoint\",\"urlTemplate\":\"https:\\\/\\\/freedrink.delivery\\\/?s={search_term_string}\"},\"query-input\":{\"@type\":\"PropertyValueSpecification\",\"valueRequired\":true,\"valueName\":\"search_term_string\"}}],\"inLanguage\":\"de\"},{\"@type\":\"Organization\",\"@id\":\"https:\\\/\\\/freedrink.delivery\\\/#organization\",\"name\":\"freedrink.delivery\",\"url\":\"https:\\\/\\\/freedrink.delivery\\\/\",\"logo\":{\"@type\":\"ImageObject\",\"inLanguage\":\"de\",\"@id\":\"https:\\\/\\\/freedrink.delivery\\\/#\\\/schema\\\/logo\\\/image\\\/\",\"url\":\"https:\\\/\\\/freedrink.delivery\\\/wp-content\\\/uploads\\\/2021\\\/09\\\/cropped-freedrink-logo-website.png\",\"contentUrl\":\"https:\\\/\\\/freedrink.delivery\\\/wp-content\\\/uploads\\\/2021\\\/09\\\/cropped-freedrink-logo-website.png\",\"width\":239,\"height\":250,\"caption\":\"freedrink.delivery\"},\"image\":{\"@id\":\"https:\\\/\\\/freedrink.delivery\\\/#\\\/schema\\\/logo\\\/image\\\/\"}}]}<\/script>\n<!-- \/ Yoast SEO plugin. -->","yoast_head_json":{"title":"Bestellformular - freedrink.delivery","robots":{"index":"index","follow":"follow","max-snippet":"max-snippet:-1","max-image-preview":"max-image-preview:large","max-video-preview":"max-video-preview:-1"},"canonical":"https:\/\/freedrink.delivery\/index.php\/bestellformular\/","og_locale":"de_DE","og_type":"article","og_title":"Bestellformular - freedrink.delivery","og_description":"Sticker bestellen Freedrink.delivery meistert diese H\u00fcrde mit einem verst\u00e4ndlichen Symbol welches die Zusteller aufmerksam macht, das kostenlose Angebot von Unternehmen oder auch Privatpersonen dankend anzunehmen. Gemeinsam m\u00f6chten wir jedem Auslieferer die Chance auf eine Erfrischung bieten. Sodass sie tagt\u00e4glich die M\u00f6glichkeit haben, f\u00fcr einen Moment dem stressigen Arbeitsalltag entfliehen zu k\u00f6nnen und sich nach einem [&hellip;]","og_url":"https:\/\/freedrink.delivery\/index.php\/bestellformular\/","og_site_name":"freedrink.delivery","article_modified_time":"2022-11-17T07:13:06+00:00","twitter_card":"summary_large_image","twitter_misc":{"Gesch\u00e4tzte Lesezeit":"1\u00a0Minute"},"schema":{"@context":"https:\/\/schema.org","@graph":[{"@type":"WebPage","@id":"https:\/\/freedrink.delivery\/index.php\/bestellformular\/","url":"https:\/\/freedrink.delivery\/index.php\/bestellformular\/","name":"Bestellformular - freedrink.delivery","isPartOf":{"@id":"https:\/\/freedrink.delivery\/#website"},"datePublished":"2022-09-13T11:33:23+00:00","dateModified":"2022-11-17T07:13:06+00:00","breadcrumb":{"@id":"https:\/\/freedrink.delivery\/index.php\/bestellformular\/#breadcrumb"},"inLanguage":"de","potentialAction":[{"@type":"ReadAction","target":["https:\/\/freedrink.delivery\/index.php\/bestellformular\/"]}]},{"@type":"BreadcrumbList","@id":"https:\/\/freedrink.delivery\/index.php\/bestellformular\/#breadcrumb","itemListElement":[{"@type":"ListItem","position":1,"name":"Home","item":"https:\/\/freedrink.delivery\/"},{"@type":"ListItem","position":2,"name":"Bestellformular"}]},{"@type":"WebSite","@id":"https:\/\/freedrink.delivery\/#website","url":"https:\/\/freedrink.delivery\/","name":"freedrink.delivery","description":"Jetzt Sticker holen und teilnehmen","publisher":{"@id":"https:\/\/freedrink.delivery\/#organization"},"potentialAction":[{"@type":"SearchAction","target":{"@type":"EntryPoint","urlTemplate":"https:\/\/freedrink.delivery\/?s={search_term_string}"},"query-input":{"@type":"PropertyValueSpecification","valueRequired":true,"valueName":"search_term_string"}}],"inLanguage":"de"},{"@type":"Organization","@id":"https:\/\/freedrink.delivery\/#organization","name":"freedrink.delivery","url":"https:\/\/freedrink.delivery\/","logo":{"@type":"ImageObject","inLanguage":"de","@id":"https:\/\/freedrink.delivery\/#\/schema\/logo\/image\/","url":"https:\/\/freedrink.delivery\/wp-content\/uploads\/2021\/09\/cropped-freedrink-logo-website.png","contentUrl":"https:\/\/freedrink.delivery\/wp-content\/uploads\/2021\/09\/cropped-freedrink-logo-website.png","width":239,"height":250,"caption":"freedrink.delivery"},"image":{"@id":"https:\/\/freedrink.delivery\/#\/schema\/logo\/image\/"}}]}},"_links":{"self":[{"href":"https:\/\/freedrink.delivery\/index.php\/wp-json\/wp\/v2\/pages\/1706","targetHints":{"allow":["GET"]}}],"collection":[{"href":"https:\/\/freedrink.delivery\/index.php\/wp-json\/wp\/v2\/pages"}],"about":[{"href":"https:\/\/freedrink.delivery\/index.php\/wp-json\/wp\/v2\/types\/page"}],"author":[{"embeddable":true,"href":"https:\/\/freedrink.delivery\/index.php\/wp-json\/wp\/v2\/users\/2"}],"replies":[{"embeddable":true,"href":"https:\/\/freedrink.delivery\/index.php\/wp-json\/wp\/v2\/comments?post=1706"}],"version-history":[{"count":26,"href":"https:\/\/freedrink.delivery\/index.php\/wp-json\/wp\/v2\/pages\/1706\/revisions"}],"predecessor-version":[{"id":1916,"href":"https:\/\/freedrink.delivery\/index.php\/wp-json\/wp\/v2\/pages\/1706\/revisions\/1916"}],"wp:attachment":[{"href":"https:\/\/freedrink.delivery\/index.php\/wp-json\/wp\/v2\/media?parent=1706"}],"curies":[{"name":"wp","href":"https:\/\/api.w.org\/{rel}","templated":true}]}}